{"id":1069,"date":"2023-09-18T14:22:24","date_gmt":"2023-09-18T14:22:24","guid":{"rendered":"https:\/\/inquipet.es\/?page_id=1069"},"modified":"2023-09-21T09:41:48","modified_gmt":"2023-09-21T09:41:48","slug":"politica-de-cookies","status":"publish","type":"page","link":"https:\/\/inquipet.es\/en\/politica-de-cookies\/","title":{"rendered":"Cookies policy"},"content":{"rendered":"<p>Access to this Website may involve the use of cookies. Cookies are small amounts of information that are stored in the browser used by each User - on the different devices they may use to browse - so that the server remembers certain information that will later be read only by the server that implemented it. Cookies make browsing easier, more user-friendly, and do not damage the browsing device.<\/p>\n\n\n\n<p>Cookies are automatic procedures for collecting information related to the preferences determined by the User during their visit to the Website in order to recognize them as a User, and personalize their experience and use of the Website, and they can also, for example, help to identify and resolve errors.<\/p>\n\n\n\n<p>The information collected through cookies may include the date and time of visits to the Website, the pages viewed, the time spent on the Website and the sites visited just before and after the Website. However, no cookie allows it to contact the User&#039;s telephone number or any other means of personal contact. No cookie can extract information from the User&#039;s hard drive or steal personal information. The only way for the User&#039;s private information to be part of the Cookie file is for the user to personally provide that information to the server.<\/p>\n\n\n\n<p>Cookies that allow a person to be identified are considered personal data. Therefore, the Privacy Policy described above will apply to them. In this sense, the User&#039;s consent will be necessary for their use. This consent will be communicated, based on an authentic choice, offered through an affirmative and positive decision, before the initial, removable and documented treatment.<\/p>\n\n\n\n<h4 class=\"wp-block-heading\">Third party cookies<\/h4>\n\n\n\n<p>They are cookies used and managed by external entities that provide Inquipet with services requested by it to improve the Website and the user experience when browsing the Website. The main objectives for which third-party cookies are used are to obtain access statistics and analyze navigation information, that is, how the User interacts with the Website.<\/p>\n\n\n\n<p>The information obtained refers, for example, to the number of pages visited, the language, the place from which the IP address from which the User accesses, the number of Users who access, the frequency and recurrence of visits, the time of visit, the browser they use, the operator or type of device from which the visit is made. This information is used to improve the Website, and detect new needs to offer Users Content and\/or service of optimal quality. In any case, the information is collected anonymously and Website trend reports are prepared without identifying individual users.<\/p>\n\n\n\n<p>You can obtain more information about cookies, information about privacy, or consult the description of the type of cookies used, their main characteristics, expiration period, etc. in the following link(s):<\/p>\n\n\n\n<p>The entity(ies) in charge of providing cookies may transfer this information to third parties, as long as it is required by law or a third party processes this information for said entities.<\/p>\n\n\n\n<h4 class=\"wp-block-heading\">Social media cookies<\/h4>\n\n\n\n<p>Inquipet incorporates social network plugins, which allow access to them from the Website. For this reason, social network cookies may be stored in the User&#039;s browser. The owners of these social networks have their own data protection and cookie policies, being themselves, in each case, responsible for their own files and their own privacy practices. The User must refer to them to find out about these cookies and, where applicable, the processing of their personal data. For information purposes only, the links where you can consult these privacy and\/or cookie policies are indicated below:<\/p>\n\n\n\n<ul class=\"wp-block-list\">\n<li>Facebook:&nbsp;<a href=\"https:\/\/www.facebook.com\/policies\/cookies\/\">https:\/\/www.facebook.com\/policies\/cookies\/<\/a><\/li>\n\n\n\n<li>Twitter:&nbsp;<a href=\"https:\/\/twitter.com\/es\/privacy\">https:\/\/twitter.com\/es\/privacy<\/a><\/li>\n\n\n\n<li>Instagram:&nbsp;<a href=\"https:\/\/help.instagram.com\/1896641480634370?ref=ig\">https:\/\/help.instagram.com\/1896641480634370?ref=ig<\/a><\/li>\n\n\n\n<li>Youtube:&nbsp;<a href=\"https:\/\/policies.google.com\/privacy?hl=es-419&amp;gl=mx\">https:\/\/policies.google.com\/privacy?hl=es-419&amp;gl=mx<\/a><\/li>\n\n\n\n<li>Pinterest:&nbsp;<a href=\"https:\/\/policy.pinterest.com\/es\/privacy-policy\">https:\/\/policy.pinterest.com\/es\/privacy-policy<\/a><\/li>\n\n\n\n<li>LinkedIn:&nbsp;<a href=\"https:\/\/www.linkedin.com\/legal\/cookie-policy?trk=hp-cookies\">https:\/\/www.linkedin.com\/legal\/cookie-policy?trk=hp-cookies<\/a><\/li>\n<\/ul>\n\n\n\n<h4 class=\"wp-block-heading\">Disable, reject and delete cookies<\/h4>\n\n\n\n<p>The User can disable, reject and delete the cookies \u2013 totally or partially \u2013 installed on their device through the settings of their browser (including, for example, Chrome, Firefox, Safari, Explorer). In this sense, the procedures for rejecting and deleting cookies may differ from one Internet browser to another. Consequently, the User must follow the instructions provided by the Internet browser they are using. In the event that you reject the use of cookies \u2013 in whole or in part \u2013 you may continue using the Website, although the use of some of its features may be limited.<\/p>","protected":false},"excerpt":{"rendered":"<p>Access to this Website may involve the use of cookies. Cookies are small amounts of information that are stored in the browser used by each User - on the different devices they may use to browse - so that the server remembers certain information that will later be read only by the server that implemented it. Cookies make browsing easier, more user-friendly, and do not damage the browsing device. Cookies are automatic procedures for collecting information related to the preferences determined by the User during their visit to the Website in order to recognize them as a User, and personalize their experience and use of the Website, and they can also, for example, help to identify and resolve errors. The information collected through cookies may include the date and time of visits to the Website, the pages viewed, the time spent on the Website and the sites visited just before and after the Website. However, no cookie allows it to contact the User&#039;s telephone number or any other means of personal contact. No cookie can extract information from the User&#039;s hard drive or steal personal information. The only way for the User&#039;s private information to be part of the Cookie file is for the user to personally provide that information to the server. Cookies that allow a person to be identified are considered personal data. Therefore, the Privacy Policy described above will apply to them. In this sense, the User&#039;s consent will be necessary for their use. This consent will be communicated, based on an authentic choice, offered through an affirmative and positive decision, before the initial, removable and documented treatment. Third-party cookies These are cookies used and managed by external entities that provide Inquipet with services requested by it to improve the Website and the user experience when browsing the Website. The main objectives for which third-party cookies are used are to obtain access statistics and analyze navigation information, that is, how the User interacts with the Website. The information obtained refers, for example, to the number of pages visited, the language, the place from which the IP address from which the User accesses, the number of Users who access, the frequency and recurrence of visits, the time of visit, the browser they use, the operator or type of device from which the visit is made. This information is used to improve the Website, and detect new needs to offer Users Content and\/or service of optimal quality. In any case, the information is collected anonymously and Website trend reports are prepared without identifying individual users. You can obtain more information about cookies, information about privacy, or consult the description of the type of cookies used, their main characteristics, expiration period, etc. in the following link(s): The entity(ies) in charge of providing cookies may transfer this information to third parties, as long as it is required by law or it is a third party that process this information for those entities. Social network cookies Inquipet incorporates social network plugins, which allow access to them from the Website. For this reason, social network cookies may be stored in the User&#039;s browser. The owners of these social networks have their own data protection and cookie policies, being themselves, in each case, responsible for their own files and their own privacy practices. The User must refer to them to find out about these cookies and, where applicable, the processing of their personal data. For information purposes only, the links where these privacy and\/or cookie policies can be consulted are indicated below: Disable, reject and delete cookies The User can disable, reject and delete the cookies - totally or partially - installed on their device through your browser settings (including, for example, Chrome, Firefox, Safari, Explorer). In this sense, the procedures for rejecting and deleting cookies may differ from one Internet browser to another. Consequently, the User must follow the instructions provided by the Internet browser they are using. In the event that you reject the use of cookies \u2013 in whole or in part \u2013 you may continue using the Website, although the use of some of its features may be limited.<\/p>","protected":false},"author":3,"featured_media":0,"parent":0,"menu_order":0,"comment_status":"closed","ping_status":"closed","template":"","meta":{"footnotes":""},"class_list":["post-1069","page","type-page","status-publish","hentry"],"yoast_head":"<!-- This site is optimized with the Yoast SEO plugin v23.0 - https:\/\/yoast.com\/wordpress\/plugins\/seo\/ -->\n<title>Pol\u00edtica de cookies - Inquipet<\/title>\n<meta name=\"robots\" content=\"index, follow, max-snippet:-1, max-image-preview:large, max-video-preview:-1\" \/>\n<link rel=\"canonical\" href=\"https:\/\/inquipet.es\/en\/politica-de-cookies\/\" \/>\n<meta property=\"og:locale\" content=\"en_GB\" \/>\n<meta property=\"og:type\" content=\"article\" \/>\n<meta property=\"og:title\" content=\"Pol\u00edtica de cookies - Inquipet\" \/>\n<meta property=\"og:description\" content=\"El acceso a este Sitio Web puede implicar la utilizaci\u00f3n de cookies. Las cookies son peque\u00f1as cantidades de informaci\u00f3n que se almacenan en el navegador utilizado por cada Usuario \u2014en los distintos dispositivos que pueda utilizar para navegar\u2014 para que el servidor recuerde cierta informaci\u00f3n que posteriormente y \u00fanicamente el servidor que la implement\u00f3 leer\u00e1. Las cookies facilitan la navegaci\u00f3n, la hacen m\u00e1s amigable, y no da\u00f1an el dispositivo de navegaci\u00f3n. Las cookies son procedimientos autom\u00e1ticos de recogida de informaci\u00f3n relativa a las preferencias determinadas por el Usuario durante su visita al Sitio Web con el fin de reconocerlo como Usuario, y personalizar su experiencia y el uso del Sitio Web, y pueden tambi\u00e9n, por ejemplo, ayudar a identificar y resolver errores. La informaci\u00f3n recabada a trav\u00e9s de las cookies puede incluir la fecha y hora de visitas al Sitio Web, las p\u00e1ginas visionadas, el tiempo que ha estado en el Sitio Web y los sitios visitados justo antes y despu\u00e9s del mismo. Sin embargo, ninguna cookie permite que esta misma pueda contactarse con el n\u00famero de tel\u00e9fono del Usuario o con cualquier otro medio de contacto personal. Ninguna cookie puede extraer informaci\u00f3n del disco duro del Usuario o robar informaci\u00f3n personal. La \u00fanica manera de que la informaci\u00f3n privada del Usuario forme parte del archivo Cookie es que el usuario d\u00e9 personalmente esa informaci\u00f3n al servidor. Las cookies que permiten identificar a una persona se consideran datos personales. Por tanto, a las mismas les ser\u00e1 de aplicaci\u00f3n la Pol\u00edtica de Privacidad anteriormente descrita. En este sentido, para la utilizaci\u00f3n de las mismas ser\u00e1 necesario el consentimiento del Usuario. Este consentimiento ser\u00e1 comunicado, en base a una elecci\u00f3n aut\u00e9ntica, ofrecido mediante una decisi\u00f3n afirmativa y positiva, antes del tratamiento inicial, removible y documentado. Cookies de terceros Son cookies utilizadas y gestionadas por entidades externas que proporcionan a&nbsp;Inquipet&nbsp;servicios solicitados por este mismo para mejorar el Sitio Web y la experiencia del usuario al navegar en el Sitio Web. Los principales objetivos para los que se utilizan cookies de terceros son la obtenci\u00f3n de estad\u00edsticas de accesos y analizar la informaci\u00f3n de la navegaci\u00f3n, es decir, c\u00f3mo interact\u00faa el Usuario con el Sitio Web. La informaci\u00f3n que se obtiene se refiere, por ejemplo, al n\u00famero de p\u00e1ginas visitadas, el idioma, el lugar a la que la direcci\u00f3n IP desde el que accede el Usuario, el n\u00famero de Usuarios que acceden, la frecuencia y reincidencia de las visitas, el tiempo de visita, el navegador que usan, el operador o tipo de dispositivo desde el que se realiza la visita. Esta informaci\u00f3n se utiliza para mejorar el Sitio Web, y detectar nuevas necesidades para ofrecer a los Usuarios un Contenido y\/o servicio de \u00f3ptima calidad. En todo caso, la informaci\u00f3n se recopila de forma an\u00f3nima y se elaboran informes de tendencias del Sitio Web sin identificar a usuarios individuales. Puede obtener m\u00e1s informaci\u00f3n sobre las cookies, la informaci\u00f3n sobre la privacidad, o consultar la descripci\u00f3n del tipo de cookies que se utiliza, sus principales caracter\u00edsticas, periodo de expiraci\u00f3n, etc. en el siguiente(s) enlace(s): La(s) entidad(es) encargada(s) del suministro de cookies podr\u00e1(n) ceder esta informaci\u00f3n a terceros, siempre y cuando lo exija la ley o sea un tercero el que procese esta informaci\u00f3n para dichas entidades. Cookies de redes sociales Inquipet&nbsp;incorpora plugins de redes sociales, que permiten acceder a las mismas a partir del Sitio Web. Por esta raz\u00f3n, las cookies de redes sociales pueden almacenarse en el navegador del Usuario. Los titulares de dichas redes sociales disponen de sus propias pol\u00edticas de protecci\u00f3n de datos y de cookies, siendo ellos mismos, en cada caso, responsables de sus propios ficheros y de sus propias pr\u00e1cticas de privacidad. El Usuario debe referirse a las mismas para informarse acerca de dichas cookies y, en su caso, del tratamiento de sus datos personales. \u00danicamente a t\u00edtulo informativo se indican a continuaci\u00f3n los enlaces en los que se pueden consultar dichas pol\u00edticas de privacidad y\/o de cookies: Deshabilitar, rechazar y eliminar cookies El Usuario puede deshabilitar, rechazar y eliminar las cookies \u2014total o parcialmente\u2014 instaladas en su dispositivo mediante la configuraci\u00f3n de su navegador (entre los que se encuentran, por ejemplo, Chrome, Firefox, Safari, Explorer). En este sentido, los procedimientos para rechazar y eliminar las cookies pueden diferir de un navegador de Internet a otro. En consecuencia, el Usuario debe acudir a las instrucciones facilitadas por el propio navegador de Internet que est\u00e9 utilizando. En el supuesto de que rechace el uso de cookies \u2014total o parcialmente\u2014 podr\u00e1 seguir usando el Sitio Web, si bien podr\u00e1 tener limitada la utilizaci\u00f3n de algunas de las prestaciones del mismo.\" \/>\n<meta property=\"og:url\" content=\"https:\/\/inquipet.es\/en\/politica-de-cookies\/\" \/>\n<meta property=\"og:site_name\" content=\"Inquipet\" \/>\n<meta property=\"article:modified_time\" content=\"2023-09-21T09:41:48+00:00\" \/>\n<meta name=\"twitter:card\" content=\"summary_large_image\" \/>\n<meta name=\"twitter:label1\" content=\"Estimated reading time\" \/>\n\t<meta name=\"twitter:data1\" content=\"4 minutes\" \/>\n<script type=\"application\/ld+json\" class=\"yoast-schema-graph\">{\"@context\":\"https:\/\/schema.org\",\"@graph\":[{\"@type\":\"WebPage\",\"@id\":\"https:\/\/inquipet.es\/politica-de-cookies\/\",\"url\":\"https:\/\/inquipet.es\/politica-de-cookies\/\",\"name\":\"Pol\u00edtica de cookies - Inquipet\",\"isPartOf\":{\"@id\":\"https:\/\/inquipet.es\/#website\"},\"datePublished\":\"2023-09-18T14:22:24+00:00\",\"dateModified\":\"2023-09-21T09:41:48+00:00\",\"breadcrumb\":{\"@id\":\"https:\/\/inquipet.es\/politica-de-cookies\/#breadcrumb\"},\"inLanguage\":\"en-GB\",\"potentialAction\":[{\"@type\":\"ReadAction\",\"target\":[\"https:\/\/inquipet.es\/politica-de-cookies\/\"]}]},{\"@type\":\"BreadcrumbList\",\"@id\":\"https:\/\/inquipet.es\/politica-de-cookies\/#breadcrumb\",\"itemListElement\":[{\"@type\":\"ListItem\",\"position\":1,\"name\":\"Inicio\",\"item\":\"https:\/\/inquipet.es\/\"},{\"@type\":\"ListItem\",\"position\":2,\"name\":\"Pol\u00edtica de cookies\"}]},{\"@type\":\"WebSite\",\"@id\":\"https:\/\/inquipet.es\/#website\",\"url\":\"https:\/\/inquipet.es\/\",\"name\":\"Inquipet\",\"description\":\"INQUIPET es representante exclusivo de productos especializados en aplicaciones de operaciones b&aacute;sicas de proceso, medioambiente y energ&iacute;a.\",\"publisher\":{\"@id\":\"https:\/\/inquipet.es\/#organization\"},\"potentialAction\":[{\"@type\":\"SearchAction\",\"target\":{\"@type\":\"EntryPoint\",\"urlTemplate\":\"https:\/\/inquipet.es\/?s={search_term_string}\"},\"query-input\":\"required name=search_term_string\"}],\"inLanguage\":\"en-GB\"},{\"@type\":\"Organization\",\"@id\":\"https:\/\/inquipet.es\/#organization\",\"name\":\"Inquipet\",\"url\":\"https:\/\/inquipet.es\/\",\"logo\":{\"@type\":\"ImageObject\",\"inLanguage\":\"en-GB\",\"@id\":\"https:\/\/inquipet.es\/#\/schema\/logo\/image\/\",\"url\":\"https:\/\/inquipet.es\/wp-content\/uploads\/2023\/07\/cropped-Logo-inquipet-2023.png\",\"contentUrl\":\"https:\/\/inquipet.es\/wp-content\/uploads\/2023\/07\/cropped-Logo-inquipet-2023.png\",\"width\":593,\"height\":145,\"caption\":\"Inquipet\"},\"image\":{\"@id\":\"https:\/\/inquipet.es\/#\/schema\/logo\/image\/\"}}]}<\/script>\n<!-- \/ Yoast SEO plugin. -->","yoast_head_json":{"title":"Pol\u00edtica de cookies - Inquipet","robots":{"index":"index","follow":"follow","max-snippet":"max-snippet:-1","max-image-preview":"max-image-preview:large","max-video-preview":"max-video-preview:-1"},"canonical":"https:\/\/inquipet.es\/en\/politica-de-cookies\/","og_locale":"en_GB","og_type":"article","og_title":"Pol\u00edtica de cookies - Inquipet","og_description":"El acceso a este Sitio Web puede implicar la utilizaci\u00f3n de cookies. Las cookies son peque\u00f1as cantidades de informaci\u00f3n que se almacenan en el navegador utilizado por cada Usuario \u2014en los distintos dispositivos que pueda utilizar para navegar\u2014 para que el servidor recuerde cierta informaci\u00f3n que posteriormente y \u00fanicamente el servidor que la implement\u00f3 leer\u00e1. Las cookies facilitan la navegaci\u00f3n, la hacen m\u00e1s amigable, y no da\u00f1an el dispositivo de navegaci\u00f3n. Las cookies son procedimientos autom\u00e1ticos de recogida de informaci\u00f3n relativa a las preferencias determinadas por el Usuario durante su visita al Sitio Web con el fin de reconocerlo como Usuario, y personalizar su experiencia y el uso del Sitio Web, y pueden tambi\u00e9n, por ejemplo, ayudar a identificar y resolver errores. La informaci\u00f3n recabada a trav\u00e9s de las cookies puede incluir la fecha y hora de visitas al Sitio Web, las p\u00e1ginas visionadas, el tiempo que ha estado en el Sitio Web y los sitios visitados justo antes y despu\u00e9s del mismo. Sin embargo, ninguna cookie permite que esta misma pueda contactarse con el n\u00famero de tel\u00e9fono del Usuario o con cualquier otro medio de contacto personal. Ninguna cookie puede extraer informaci\u00f3n del disco duro del Usuario o robar informaci\u00f3n personal. La \u00fanica manera de que la informaci\u00f3n privada del Usuario forme parte del archivo Cookie es que el usuario d\u00e9 personalmente esa informaci\u00f3n al servidor. Las cookies que permiten identificar a una persona se consideran datos personales. Por tanto, a las mismas les ser\u00e1 de aplicaci\u00f3n la Pol\u00edtica de Privacidad anteriormente descrita. En este sentido, para la utilizaci\u00f3n de las mismas ser\u00e1 necesario el consentimiento del Usuario. Este consentimiento ser\u00e1 comunicado, en base a una elecci\u00f3n aut\u00e9ntica, ofrecido mediante una decisi\u00f3n afirmativa y positiva, antes del tratamiento inicial, removible y documentado. Cookies de terceros Son cookies utilizadas y gestionadas por entidades externas que proporcionan a&nbsp;Inquipet&nbsp;servicios solicitados por este mismo para mejorar el Sitio Web y la experiencia del usuario al navegar en el Sitio Web. Los principales objetivos para los que se utilizan cookies de terceros son la obtenci\u00f3n de estad\u00edsticas de accesos y analizar la informaci\u00f3n de la navegaci\u00f3n, es decir, c\u00f3mo interact\u00faa el Usuario con el Sitio Web. La informaci\u00f3n que se obtiene se refiere, por ejemplo, al n\u00famero de p\u00e1ginas visitadas, el idioma, el lugar a la que la direcci\u00f3n IP desde el que accede el Usuario, el n\u00famero de Usuarios que acceden, la frecuencia y reincidencia de las visitas, el tiempo de visita, el navegador que usan, el operador o tipo de dispositivo desde el que se realiza la visita. Esta informaci\u00f3n se utiliza para mejorar el Sitio Web, y detectar nuevas necesidades para ofrecer a los Usuarios un Contenido y\/o servicio de \u00f3ptima calidad. En todo caso, la informaci\u00f3n se recopila de forma an\u00f3nima y se elaboran informes de tendencias del Sitio Web sin identificar a usuarios individuales. Puede obtener m\u00e1s informaci\u00f3n sobre las cookies, la informaci\u00f3n sobre la privacidad, o consultar la descripci\u00f3n del tipo de cookies que se utiliza, sus principales caracter\u00edsticas, periodo de expiraci\u00f3n, etc. en el siguiente(s) enlace(s): La(s) entidad(es) encargada(s) del suministro de cookies podr\u00e1(n) ceder esta informaci\u00f3n a terceros, siempre y cuando lo exija la ley o sea un tercero el que procese esta informaci\u00f3n para dichas entidades. Cookies de redes sociales Inquipet&nbsp;incorpora plugins de redes sociales, que permiten acceder a las mismas a partir del Sitio Web. Por esta raz\u00f3n, las cookies de redes sociales pueden almacenarse en el navegador del Usuario. Los titulares de dichas redes sociales disponen de sus propias pol\u00edticas de protecci\u00f3n de datos y de cookies, siendo ellos mismos, en cada caso, responsables de sus propios ficheros y de sus propias pr\u00e1cticas de privacidad. El Usuario debe referirse a las mismas para informarse acerca de dichas cookies y, en su caso, del tratamiento de sus datos personales. \u00danicamente a t\u00edtulo informativo se indican a continuaci\u00f3n los enlaces en los que se pueden consultar dichas pol\u00edticas de privacidad y\/o de cookies: Deshabilitar, rechazar y eliminar cookies El Usuario puede deshabilitar, rechazar y eliminar las cookies \u2014total o parcialmente\u2014 instaladas en su dispositivo mediante la configuraci\u00f3n de su navegador (entre los que se encuentran, por ejemplo, Chrome, Firefox, Safari, Explorer). En este sentido, los procedimientos para rechazar y eliminar las cookies pueden diferir de un navegador de Internet a otro. En consecuencia, el Usuario debe acudir a las instrucciones facilitadas por el propio navegador de Internet que est\u00e9 utilizando. En el supuesto de que rechace el uso de cookies \u2014total o parcialmente\u2014 podr\u00e1 seguir usando el Sitio Web, si bien podr\u00e1 tener limitada la utilizaci\u00f3n de algunas de las prestaciones del mismo.","og_url":"https:\/\/inquipet.es\/en\/politica-de-cookies\/","og_site_name":"Inquipet","article_modified_time":"2023-09-21T09:41:48+00:00","twitter_card":"summary_large_image","twitter_misc":{"Estimated reading time":"4 minutes"},"schema":{"@context":"https:\/\/schema.org","@graph":[{"@type":"WebPage","@id":"https:\/\/inquipet.es\/politica-de-cookies\/","url":"https:\/\/inquipet.es\/politica-de-cookies\/","name":"Pol\u00edtica de cookies - Inquipet","isPartOf":{"@id":"https:\/\/inquipet.es\/#website"},"datePublished":"2023-09-18T14:22:24+00:00","dateModified":"2023-09-21T09:41:48+00:00","breadcrumb":{"@id":"https:\/\/inquipet.es\/politica-de-cookies\/#breadcrumb"},"inLanguage":"en-GB","potentialAction":[{"@type":"ReadAction","target":["https:\/\/inquipet.es\/politica-de-cookies\/"]}]},{"@type":"BreadcrumbList","@id":"https:\/\/inquipet.es\/politica-de-cookies\/#breadcrumb","itemListElement":[{"@type":"ListItem","position":1,"name":"Inicio","item":"https:\/\/inquipet.es\/"},{"@type":"ListItem","position":2,"name":"Pol\u00edtica de cookies"}]},{"@type":"WebSite","@id":"https:\/\/inquipet.es\/#website","url":"https:\/\/inquipet.es\/","name":"Inquipet","description":"INQUIPET es representante exclusivo de productos especializados en aplicaciones de operaciones b&aacute;sicas de proceso, medioambiente y energ&iacute;a.","publisher":{"@id":"https:\/\/inquipet.es\/#organization"},"potentialAction":[{"@type":"SearchAction","target":{"@type":"EntryPoint","urlTemplate":"https:\/\/inquipet.es\/?s={search_term_string}"},"query-input":"required name=search_term_string"}],"inLanguage":"en-GB"},{"@type":"Organization","@id":"https:\/\/inquipet.es\/#organization","name":"Inquipet","url":"https:\/\/inquipet.es\/","logo":{"@type":"ImageObject","inLanguage":"en-GB","@id":"https:\/\/inquipet.es\/#\/schema\/logo\/image\/","url":"https:\/\/inquipet.es\/wp-content\/uploads\/2023\/07\/cropped-Logo-inquipet-2023.png","contentUrl":"https:\/\/inquipet.es\/wp-content\/uploads\/2023\/07\/cropped-Logo-inquipet-2023.png","width":593,"height":145,"caption":"Inquipet"},"image":{"@id":"https:\/\/inquipet.es\/#\/schema\/logo\/image\/"}}]}},"_links":{"self":[{"href":"https:\/\/inquipet.es\/en\/wp-json\/wp\/v2\/pages\/1069","targetHints":{"allow":["GET"]}}],"collection":[{"href":"https:\/\/inquipet.es\/en\/wp-json\/wp\/v2\/pages"}],"about":[{"href":"https:\/\/inquipet.es\/en\/wp-json\/wp\/v2\/types\/page"}],"author":[{"embeddable":true,"href":"https:\/\/inquipet.es\/en\/wp-json\/wp\/v2\/users\/3"}],"replies":[{"embeddable":true,"href":"https:\/\/inquipet.es\/en\/wp-json\/wp\/v2\/comments?post=1069"}],"version-history":[{"count":2,"href":"https:\/\/inquipet.es\/en\/wp-json\/wp\/v2\/pages\/1069\/revisions"}],"predecessor-version":[{"id":1085,"href":"https:\/\/inquipet.es\/en\/wp-json\/wp\/v2\/pages\/1069\/revisions\/1085"}],"wp:attachment":[{"href":"https:\/\/inquipet.es\/en\/wp-json\/wp\/v2\/media?parent=1069"}],"curies":[{"name":"wp","href":"https:\/\/api.w.org\/{rel}","templated":true}]}}